{"id":1200,"date":"2026-01-22T08:55:59","date_gmt":"2026-01-22T08:55:59","guid":{"rendered":"https:\/\/darkturquoise-chinchilla-979891.hostingersite.com\/services\/"},"modified":"2026-02-04T12:33:41","modified_gmt":"2026-02-04T12:33:41","slug":"generatoriai","status":"publish","type":"page","link":"https:\/\/britlithpower.com\/lt_lt\/generatoriai\/","title":{"rendered":"Generatoriai"},"content":{"rendered":"<div data-elementor-type=\"wp-post\" data-elementor-id=\"1200\" class=\"elementor elementor-1200\">\n\t\t\t\t<div class=\"elementor-element elementor-element-ace8e75 e-flex e-con-boxed e-con e-parent\" data-id=\"ace8e75\" data-element_type=\"container\" data-e-type=\"container\" data-settings=\"{&quot;background_background&quot;:&quot;classic&quot;}\">\n\t\t\t\t\t<div class=\"e-con-inner\">\n\t\t<div class=\"elementor-element elementor-element-8cb04de e-con-full e-flex e-con e-child\" data-id=\"8cb04de\" data-element_type=\"container\" data-e-type=\"container\">\n\t\t<div class=\"elementor-element elementor-element-983594b e-con-full e-flex e-con e-child\" data-id=\"983594b\" data-element_type=\"container\" data-e-type=\"container\">\n\t\t<div class=\"elementor-element elementor-element-864bc84 e-con-full e-flex e-con e-child\" data-id=\"864bc84\" data-element_type=\"container\" data-e-type=\"container\">\n\t\t\t\t<\/div>\n\t\t<div class=\"elementor-element elementor-element-cd37826 e-con-full e-flex e-con e-child\" data-id=\"cd37826\" data-element_type=\"container\" data-e-type=\"container\">\n\t\t\t\t<div class=\"elementor-element elementor-element-a2dd6fb elementor-widget elementor-widget-heading\" data-id=\"a2dd6fb\" data-element_type=\"widget\" data-e-type=\"widget\" data-widget_type=\"heading.default\">\n\t\t\t\t\t<h1 class=\"elementor-heading-title elementor-size-default\">Generatoriai<\/h1>\t\t\t\t<\/div>\n\t\t\t\t<\/div>\n\t\t\t\t<\/div>\n\t\t\t\t<\/div>\n\t\t<div class=\"elementor-element elementor-element-3483b15 e-con-full e-flex e-con e-child\" data-id=\"3483b15\" data-element_type=\"container\" data-e-type=\"container\">\n\t\t<div class=\"elementor-element elementor-element-be5795d e-con-full e-flex e-con e-child\" data-id=\"be5795d\" data-element_type=\"container\" data-e-type=\"container\">\n\t\t<div class=\"elementor-element elementor-element-f0eae46 e-con-full e-flex e-con e-child\" data-id=\"f0eae46\" data-element_type=\"container\" data-e-type=\"container\">\n\t\t\t\t<\/div>\n\t\t\t\t<\/div>\n\t\t\t\t<\/div>\n\t\t\t\t\t<\/div>\n\t\t\t\t<\/div>\n\t\t<div class=\"elementor-element elementor-element-470b075 e-flex e-con-boxed e-con e-parent\" data-id=\"470b075\" data-element_type=\"container\" data-e-type=\"container\">\n\t\t\t\t\t<div class=\"e-con-inner\">\n\t\t<div class=\"elementor-element elementor-element-073ab45 e-con-full e-flex e-con e-child\" data-id=\"073ab45\" data-element_type=\"container\" data-e-type=\"container\">\n\t\t\t\t<div class=\"elementor-element elementor-element-ff8d0d7 elementor-widget elementor-widget-image\" data-id=\"ff8d0d7\" data-element_type=\"widget\" data-e-type=\"widget\" data-widget_type=\"image.default\">\n\t\t\t\t\t\t\t\t\t\t\t\t\t\t\t<img fetchpriority=\"high\" decoding=\"async\" width=\"1000\" height=\"1000\" src=\"https:\/\/britlithpower.com\/wp-content\/uploads\/2026\/01\/Untitled-design-63.png\" class=\"attachment-full size-full wp-image-1370\" alt=\"untitled design (63)\" srcset=\"https:\/\/britlithpower.com\/wp-content\/uploads\/2026\/01\/Untitled-design-63.png 1000w, https:\/\/britlithpower.com\/wp-content\/uploads\/2026\/01\/Untitled-design-63-300x300.png 300w, https:\/\/britlithpower.com\/wp-content\/uploads\/2026\/01\/Untitled-design-63-150x150.png 150w, https:\/\/britlithpower.com\/wp-content\/uploads\/2026\/01\/Untitled-design-63-768x768.png 768w, https:\/\/britlithpower.com\/wp-content\/uploads\/2026\/01\/Untitled-design-63-12x12.png 12w\" sizes=\"(max-width: 1000px) 100vw, 1000px\" \/>\t\t\t\t\t\t\t\t\t\t\t\t\t\t\t<\/div>\n\t\t\t\t<\/div>\n\t\t<div class=\"elementor-element elementor-element-b3dca09 e-con-full e-flex e-con e-child\" data-id=\"b3dca09\" data-element_type=\"container\" data-e-type=\"container\" data-settings=\"{&quot;background_background&quot;:&quot;classic&quot;}\">\n\t\t<div class=\"elementor-element elementor-element-aca70a1 e-con-full e-flex e-con e-child\" data-id=\"aca70a1\" data-element_type=\"container\" data-e-type=\"container\" data-settings=\"{&quot;background_background&quot;:&quot;classic&quot;}\">\n\t\t\t\t<div class=\"elementor-element elementor-element-ddb85f2 elementor-widget elementor-widget-heading\" data-id=\"ddb85f2\" data-element_type=\"widget\" data-e-type=\"widget\" data-widget_type=\"heading.default\">\n\t\t\t\t\t<h3 class=\"elementor-heading-title elementor-size-default\">Cummins<\/h3>\t\t\t\t<\/div>\n\t\t\t\t<div class=\"elementor-element elementor-element-484a1e4 elementor-widget elementor-widget-text-editor\" data-id=\"484a1e4\" data-element_type=\"widget\" data-e-type=\"widget\" data-widget_type=\"text-editor.default\">\n\t\t\t\t\t\t\t\t\t<p>Did\u017eiuojam\u0117s gal\u0117dami pasi\u016blyti \u201eCummins\u201c generatorius \u2013 pasaulyje pripa\u017eint\u0105 produkt\u0173 linij\u0105, gars\u0117jan\u010di\u0105 ilgaam\u017ei\u0161kumu, efektyvumu ir i\u0161skirtiniu na\u0161umu. \u201eCummins\u201c generatoriai sukurti atlaikyti sud\u0117tingiausias s\u0105lygas ir u\u017etikrina patikim\u0105 energijos tiekim\u0105 \u012fvairioms veiklos sritims.<\/p>\t\t\t\t\t\t\t\t<\/div>\n\t\t\t\t<\/div>\n\t\t\t\t<\/div>\n\t\t<div class=\"elementor-element elementor-element-395d6b5 e-con-full e-flex e-con e-child\" data-id=\"395d6b5\" data-element_type=\"container\" data-e-type=\"container\">\n\t\t\t\t<\/div>\n\t\t\t\t\t<\/div>\n\t\t\t\t<\/div>\n\t\t<div class=\"elementor-element elementor-element-11a43fb e-flex e-con-boxed e-con e-parent\" data-id=\"11a43fb\" data-element_type=\"container\" data-e-type=\"container\">\n\t\t\t\t\t<div class=\"e-con-inner\">\n\t\t<div class=\"elementor-element elementor-element-ccb2cc9 e-con-full e-flex e-con e-child\" data-id=\"ccb2cc9\" data-element_type=\"container\" data-e-type=\"container\">\n\t\t\t\t<div class=\"elementor-element elementor-element-d689421 elementor-widget elementor-widget-image\" data-id=\"d689421\" data-element_type=\"widget\" data-e-type=\"widget\" data-widget_type=\"image.default\">\n\t\t\t\t\t\t\t\t\t\t\t\t\t\t\t<img decoding=\"async\" width=\"1000\" height=\"1000\" src=\"https:\/\/britlithpower.com\/wp-content\/uploads\/2026\/01\/Untitled-design-64.png\" class=\"attachment-full size-full wp-image-1369\" alt=\"untitled design (64)\" srcset=\"https:\/\/britlithpower.com\/wp-content\/uploads\/2026\/01\/Untitled-design-64.png 1000w, https:\/\/britlithpower.com\/wp-content\/uploads\/2026\/01\/Untitled-design-64-300x300.png 300w, https:\/\/britlithpower.com\/wp-content\/uploads\/2026\/01\/Untitled-design-64-150x150.png 150w, https:\/\/britlithpower.com\/wp-content\/uploads\/2026\/01\/Untitled-design-64-768x768.png 768w, https:\/\/britlithpower.com\/wp-content\/uploads\/2026\/01\/Untitled-design-64-12x12.png 12w\" sizes=\"(max-width: 1000px) 100vw, 1000px\" \/>\t\t\t\t\t\t\t\t\t\t\t\t\t\t\t<\/div>\n\t\t\t\t<\/div>\n\t\t<div class=\"elementor-element elementor-element-a9e43b6 e-con-full e-flex e-con e-child\" data-id=\"a9e43b6\" data-element_type=\"container\" data-e-type=\"container\">\n\t\t<div class=\"elementor-element elementor-element-8070a72 e-con-full e-flex e-con e-child\" data-id=\"8070a72\" data-element_type=\"container\" data-e-type=\"container\" data-settings=\"{&quot;background_background&quot;:&quot;classic&quot;}\">\n\t\t\t\t<div class=\"elementor-element elementor-element-567d9e3 elementor-widget elementor-widget-heading\" data-id=\"567d9e3\" data-element_type=\"widget\" data-e-type=\"widget\" data-widget_type=\"heading.default\">\n\t\t\t\t\t<h3 class=\"elementor-heading-title elementor-size-default\">MTU Rolls-Royce<\/h3>\t\t\t\t<\/div>\n\t\t\t\t<div class=\"elementor-element elementor-element-e28b92a elementor-widget elementor-widget-text-editor\" data-id=\"e28b92a\" data-element_type=\"widget\" data-e-type=\"widget\" data-widget_type=\"text-editor.default\">\n\t\t\t\t\t\t\t\t\t<p>Did\u017eiuojam\u0117s gal\u0117dami pasi\u016blyti \u201eMTU\u201c variklius i\u0161 \u201eRolls-Royce Power Systems\u201c portfelio. \u201eMTU\u201c varikliai vertinami d\u0117l patikimumo, auk\u0161to na\u0161umo ir efektyvumo, tod\u0117l yra idealus pasirinkimas reiklioms sritims \u2013 j\u016brinei pavarai ir elektros energijos gamybai.<\/p>\t\t\t\t\t\t\t\t<\/div>\n\t\t\t\t<\/div>\n\t\t\t\t<\/div>\n\t\t<div class=\"elementor-element elementor-element-9e34505 e-con-full e-flex e-con e-child\" data-id=\"9e34505\" data-element_type=\"container\" data-e-type=\"container\">\n\t\t\t\t<\/div>\n\t\t\t\t\t<\/div>\n\t\t\t\t<\/div>\n\t\t<div class=\"elementor-element elementor-element-0d87837 e-flex e-con-boxed e-con e-parent\" data-id=\"0d87837\" data-element_type=\"container\" data-e-type=\"container\">\n\t\t\t\t\t<div class=\"e-con-inner\">\n\t\t<div class=\"elementor-element elementor-element-09da42b e-con-full e-flex e-con e-child\" data-id=\"09da42b\" data-element_type=\"container\" data-e-type=\"container\">\n\t\t\t\t<div class=\"elementor-element elementor-element-f428cfe elementor-widget elementor-widget-image\" data-id=\"f428cfe\" data-element_type=\"widget\" data-e-type=\"widget\" data-widget_type=\"image.default\">\n\t\t\t\t\t\t\t\t\t\t\t\t\t\t\t<img decoding=\"async\" width=\"1000\" height=\"1000\" src=\"https:\/\/britlithpower.com\/wp-content\/uploads\/2026\/01\/Untitled-design-65.png\" class=\"attachment-full size-full wp-image-1368\" alt=\"untitled design (65)\" srcset=\"https:\/\/britlithpower.com\/wp-content\/uploads\/2026\/01\/Untitled-design-65.png 1000w, https:\/\/britlithpower.com\/wp-content\/uploads\/2026\/01\/Untitled-design-65-300x300.png 300w, https:\/\/britlithpower.com\/wp-content\/uploads\/2026\/01\/Untitled-design-65-150x150.png 150w, https:\/\/britlithpower.com\/wp-content\/uploads\/2026\/01\/Untitled-design-65-768x768.png 768w, https:\/\/britlithpower.com\/wp-content\/uploads\/2026\/01\/Untitled-design-65-12x12.png 12w\" sizes=\"(max-width: 1000px) 100vw, 1000px\" \/>\t\t\t\t\t\t\t\t\t\t\t\t\t\t\t<\/div>\n\t\t\t\t<\/div>\n\t\t<div class=\"elementor-element elementor-element-bc76ec8 e-con-full e-flex e-con e-child\" data-id=\"bc76ec8\" data-element_type=\"container\" data-e-type=\"container\">\n\t\t<div class=\"elementor-element elementor-element-7c1fe4c e-con-full e-flex e-con e-child\" data-id=\"7c1fe4c\" data-element_type=\"container\" data-e-type=\"container\" data-settings=\"{&quot;background_background&quot;:&quot;classic&quot;}\">\n\t\t\t\t<div class=\"elementor-element elementor-element-af248ce elementor-widget elementor-widget-heading\" data-id=\"af248ce\" data-element_type=\"widget\" data-e-type=\"widget\" data-widget_type=\"heading.default\">\n\t\t\t\t\t<h3 class=\"elementor-heading-title elementor-size-default\">Perkins<\/h3>\t\t\t\t<\/div>\n\t\t\t\t<div class=\"elementor-element elementor-element-955722f elementor-widget elementor-widget-text-editor\" data-id=\"955722f\" data-element_type=\"widget\" data-e-type=\"widget\" data-widget_type=\"text-editor.default\">\n\t\t\t\t\t\t\t\t\t<p>\u201ePerkins Engines\u201c, \u201eCaterpillar Inc.\u201c dukterin\u0117 \u012fmon\u0117, specializuojasi dyzelini\u0173 ir dujini\u0173 varikli\u0173 projektavime bei gamyboje \u012fvairioms industrijoms, \u012fskaitant \u017eem\u0117s \u016bk\u012f, statyb\u0105 ir energijos gamyb\u0105. J\u0173 4000 serija si\u016blo dyzelinius variklius nuo 6 iki 16 cilindr\u0173.<\/p>\t\t\t\t\t\t\t\t<\/div>\n\t\t\t\t<\/div>\n\t\t\t\t<\/div>\n\t\t<div class=\"elementor-element elementor-element-ac3d3b3 e-con-full e-flex e-con e-child\" data-id=\"ac3d3b3\" data-element_type=\"container\" data-e-type=\"container\">\n\t\t\t\t<\/div>\n\t\t\t\t\t<\/div>\n\t\t\t\t<\/div>\n\t\t\t\t<\/div>","protected":false},"excerpt":{"rendered":"<p>Generatoriai Cummins Did\u017eiuojam\u0117s gal\u0117dami pasi\u016blyti \u201eCummins\u201c generatorius \u2013 pasaulyje pripa\u017eint\u0105 produkt\u0173 linij\u0105, gars\u0117jan\u010di\u0105 ilgaam\u017ei\u0161kumu, efektyvumu ir i\u0161skirtiniu na\u0161umu. \u201eCummins\u201c generatoriai sukurti atlaikyti sud\u0117tingiausias s\u0105lygas ir u\u017etikrina patikim\u0105 energijos tiekim\u0105 \u012fvairioms veiklos sritims. MTU Rolls-Royce Did\u017eiuojam\u0117s gal\u0117dami pasi\u016blyti \u201eMTU\u201c variklius i\u0161 \u201eRolls-Royce Power Systems\u201c portfelio. \u201eMTU\u201c varikliai vertinami d\u0117l patikimumo, auk\u0161to na\u0161umo ir efektyvumo, tod\u0117l yra [&hellip;]<\/p>","protected":false},"author":1,"featured_media":0,"parent":0,"menu_order":0,"comment_status":"closed","ping_status":"closed","template":"","meta":{"_uag_custom_page_level_css":"","site-sidebar-layout":"default","site-content-layout":"page-builder","ast-site-content-layout":"full-width-container","site-content-style":"unboxed","site-sidebar-style":"unboxed","ast-global-header-display":"","ast-banner-title-visibility":"","ast-main-header-display":"","ast-hfb-above-header-display":"","ast-hfb-below-header-display":"","ast-hfb-mobile-header-display":"","site-post-title":"disabled","ast-breadcrumbs-content":"","ast-featured-img":"disabled","footer-sml-layout":"","ast-disable-related-posts":"","theme-transparent-header-meta":"enabled","adv-header-id-meta":"","stick-header-meta":"","header-above-stick-meta":"","header-main-stick-meta":"","header-below-stick-meta":"","astra-migrate-meta-layouts":"set","ast-page-background-enabled":"default","ast-page-background-meta":{"desktop":{"background-color":"","background-image":"","background-repeat":"repeat","background-position":"center center","background-size":"auto","background-attachment":"scroll","background-type":"","background-media":"","overlay-type":"","overlay-color":"","overlay-opacity":"","overlay-gradient":""},"tablet":{"background-color":"","background-image":"","background-repeat":"repeat","background-position":"center center","background-size":"auto","background-attachment":"scroll","background-type":"","background-media":"","overlay-type":"","overlay-color":"","overlay-opacity":"","overlay-gradient":""},"mobile":{"background-color":"","background-image":"","background-repeat":"repeat","background-position":"center center","background-size":"auto","background-attachment":"scroll","background-type":"","background-media":"","overlay-type":"","overlay-color":"","overlay-opacity":"","overlay-gradient":""}},"ast-content-background-meta":{"desktop":{"background-color":"var(--ast-global-color-4)","background-image":"","background-repeat":"repeat","background-position":"center center","background-size":"auto","background-attachment":"scroll","background-type":"","background-media":"","overlay-type":"","overlay-color":"","overlay-opacity":"","overlay-gradient":""},"tablet":{"background-color":"var(--ast-global-color-4)","background-image":"","background-repeat":"repeat","background-position":"center center","background-size":"auto","background-attachment":"scroll","background-type":"","background-media":"","overlay-type":"","overlay-color":"","overlay-opacity":"","overlay-gradient":""},"mobile":{"background-color":"var(--ast-global-color-4)","background-image":"","background-repeat":"repeat","background-position":"center center","background-size":"auto","background-attachment":"scroll","background-type":"","background-media":"","overlay-type":"","overlay-color":"","overlay-opacity":"","overlay-gradient":""}},"footnotes":""},"class_list":["post-1200","page","type-page","status-publish","hentry"],"_hostinger_reach_plugin_has_subscription_block":false,"_hostinger_reach_plugin_is_elementor":false,"uagb_featured_image_src":{"full":false,"thumbnail":false,"medium":false,"medium_large":false,"large":false,"1536x1536":false,"2048x2048":false,"trp-custom-language-flag":false},"uagb_author_info":{"display_name":"Britlithpower","author_link":"https:\/\/britlithpower.com\/lt_lt\/author\/poske-ievagmail-com\/"},"uagb_comment_info":0,"uagb_excerpt":"Generatoriai Cummins Did\u017eiuojam\u0117s gal\u0117dami pasi\u016blyti \u201eCummins\u201c generatorius \u2013 pasaulyje pripa\u017eint\u0105 produkt\u0173 linij\u0105, gars\u0117jan\u010di\u0105 ilgaam\u017ei\u0161kumu, efektyvumu ir i\u0161skirtiniu na\u0161umu. \u201eCummins\u201c generatoriai sukurti atlaikyti sud\u0117tingiausias s\u0105lygas ir u\u017etikrina patikim\u0105 energijos tiekim\u0105 \u012fvairioms veiklos sritims. MTU Rolls-Royce Did\u017eiuojam\u0117s gal\u0117dami pasi\u016blyti \u201eMTU\u201c variklius i\u0161 \u201eRolls-Royce Power Systems\u201c portfelio. \u201eMTU\u201c varikliai vertinami d\u0117l patikimumo, auk\u0161to na\u0161umo ir efektyvumo, tod\u0117l yra&hellip;","_links":{"self":[{"href":"https:\/\/britlithpower.com\/lt_lt\/wp-json\/wp\/v2\/pages\/1200","targetHints":{"allow":["GET"]}}],"collection":[{"href":"https:\/\/britlithpower.com\/lt_lt\/wp-json\/wp\/v2\/pages"}],"about":[{"href":"https:\/\/britlithpower.com\/lt_lt\/wp-json\/wp\/v2\/types\/page"}],"author":[{"embeddable":true,"href":"https:\/\/britlithpower.com\/lt_lt\/wp-json\/wp\/v2\/users\/1"}],"replies":[{"embeddable":true,"href":"https:\/\/britlithpower.com\/lt_lt\/wp-json\/wp\/v2\/comments?post=1200"}],"version-history":[{"count":98,"href":"https:\/\/britlithpower.com\/lt_lt\/wp-json\/wp\/v2\/pages\/1200\/revisions"}],"predecessor-version":[{"id":1735,"href":"https:\/\/britlithpower.com\/lt_lt\/wp-json\/wp\/v2\/pages\/1200\/revisions\/1735"}],"wp:attachment":[{"href":"https:\/\/britlithpower.com\/lt_lt\/wp-json\/wp\/v2\/media?parent=1200"}],"curies":[{"name":"wp","href":"https:\/\/api.w.org\/{rel}","templated":true}]}}