{"id":1199,"date":"2026-01-22T08:55:59","date_gmt":"2026-01-22T08:55:59","guid":{"rendered":"https:\/\/darkturquoise-chinchilla-979891.hostingersite.com\/about\/"},"modified":"2026-02-04T12:26:03","modified_gmt":"2026-02-04T12:26:03","slug":"energijos-kaupimo-ir-gamybos-sistemos","status":"publish","type":"page","link":"https:\/\/britlithpower.com\/lt_lt\/energijos-kaupimo-ir-gamybos-sistemos\/","title":{"rendered":"Energijos kaupimo ir gamybos sistemos"},"content":{"rendered":"<div data-elementor-type=\"wp-post\" data-elementor-id=\"1199\" class=\"elementor elementor-1199\">\n\t\t\t\t<div class=\"elementor-element elementor-element-f967b87 e-flex e-con-boxed e-con e-parent\" data-id=\"f967b87\" data-element_type=\"container\" data-e-type=\"container\" data-settings=\"{&quot;background_background&quot;:&quot;classic&quot;}\">\n\t\t\t\t\t<div class=\"e-con-inner\">\n\t\t<div class=\"elementor-element elementor-element-329c8a7 e-con-full e-flex e-con e-child\" data-id=\"329c8a7\" data-element_type=\"container\" data-e-type=\"container\">\n\t\t<div class=\"elementor-element elementor-element-9e80f9b e-con-full e-flex e-con e-child\" data-id=\"9e80f9b\" data-element_type=\"container\" data-e-type=\"container\">\n\t\t<div class=\"elementor-element elementor-element-c1006f6 e-con-full e-flex e-con e-child\" data-id=\"c1006f6\" data-element_type=\"container\" data-e-type=\"container\">\n\t\t\t\t<\/div>\n\t\t\t\t<\/div>\n\t\t<div class=\"elementor-element elementor-element-b9352d0 e-con-full e-flex e-con e-child\" data-id=\"b9352d0\" data-element_type=\"container\" data-e-type=\"container\">\n\t\t<div class=\"elementor-element elementor-element-15208dd e-con-full e-flex e-con e-child\" data-id=\"15208dd\" data-element_type=\"container\" data-e-type=\"container\">\n\t\t\t\t<div class=\"elementor-element elementor-element-6b26f67 elementor-widget elementor-widget-heading\" data-id=\"6b26f67\" data-element_type=\"widget\" data-e-type=\"widget\" data-widget_type=\"heading.default\">\n\t\t\t\t\t<h1 class=\"elementor-heading-title elementor-size-default\">Apie mus<\/h1>\t\t\t\t<\/div>\n\t\t<div class=\"elementor-element elementor-element-a69d6e1 e-con-full e-flex e-con e-child\" data-id=\"a69d6e1\" data-element_type=\"container\" data-e-type=\"container\">\n\t\t\t\t<\/div>\n\t\t\t\t<\/div>\n\t\t\t\t<\/div>\n\t\t\t\t<\/div>\n\t\t\t\t\t<\/div>\n\t\t\t\t<\/div>\n\t\t<div class=\"elementor-element elementor-element-beb3b4c e-flex e-con-boxed e-con e-parent\" data-id=\"beb3b4c\" data-element_type=\"container\" data-e-type=\"container\" data-settings=\"{&quot;background_background&quot;:&quot;classic&quot;}\">\n\t\t\t\t\t<div class=\"e-con-inner\">\n\t\t<div class=\"elementor-element elementor-element-81b3281 e-con-full e-flex e-con e-child\" data-id=\"81b3281\" data-element_type=\"container\" data-e-type=\"container\" data-settings=\"{&quot;background_background&quot;:&quot;classic&quot;}\">\n\t\t\t\t<div class=\"elementor-element elementor-element-dcd7d72 elementor-widget elementor-widget-heading\" data-id=\"dcd7d72\" data-element_type=\"widget\" data-e-type=\"widget\" data-widget_type=\"heading.default\">\n\t\t\t\t\t<h3 class=\"elementor-heading-title elementor-size-default\">UAB \u201eBritlith Power\" \u2013 pa\u017eang\u016bs energijos gamybos ir kaupimo sprendimai<\/h3>\t\t\t\t<\/div>\n\t\t\t\t<div class=\"elementor-element elementor-element-f8280a3 elementor-widget elementor-widget-text-editor\" data-id=\"f8280a3\" data-element_type=\"widget\" data-e-type=\"widget\" data-widget_type=\"text-editor.default\">\n\t\t\t\t\t\t\t\t\t<p>UAB \u201eBritlith Power&#8221; specializuojasi moderni\u0173 baterij\u0173 ir energijos kaupimo ir gamybos sistem\u0173 projektavime bei diegime verslo ir gyvenamosios paskirties objektams. M\u016bs\u0173 sprendimai u\u017etikrina patikim\u0105, efektyv\u0173 ir tvar\u0173 elektros tiekim\u0105, leid\u017eiant klientams didinti energetin\u012f savaranki\u0161kum\u0105 ir veiklos stabilum\u0105.<\/p>\t\t\t\t\t\t\t\t<\/div>\n\t\t\t\t<div class=\"elementor-element elementor-element-58e9c3b elementor-widget elementor-widget-heading\" data-id=\"58e9c3b\" data-element_type=\"widget\" data-e-type=\"widget\" data-widget_type=\"heading.default\">\n\t\t\t\t\t<h3 class=\"elementor-heading-title elementor-size-default\">Tvarumas ir tarptautin\u0117 partneryst\u0117<\/h3>\t\t\t\t<\/div>\n\t\t\t\t<div class=\"elementor-element elementor-element-decd884 elementor-widget elementor-widget-text-editor\" data-id=\"decd884\" data-element_type=\"widget\" data-e-type=\"widget\" data-widget_type=\"text-editor.default\">\n\t\t\t\t\t\t\t\t\t<p>Bendradarbiaudami su tarptautiniais partneriais, \u012fgyvendiname energetikos projektus Ukrainoje, prisid\u0117dami prie infrastrukt\u016bros atk\u016brimo ir regiono energetinio atsparumo stiprinimo.<\/p>\t\t\t\t\t\t\t\t<\/div>\n\t\t\t\t<div class=\"elementor-element elementor-element-bd4404c elementor-widget elementor-widget-heading\" data-id=\"bd4404c\" data-element_type=\"widget\" data-e-type=\"widget\" data-widget_type=\"heading.default\">\n\t\t\t\t\t<h3 class=\"elementor-heading-title elementor-size-default\">Kod\u0117l \u201eBritlith Power\"<\/h3>\t\t\t\t<\/div>\n\t\t\t\t<div class=\"elementor-element elementor-element-9e4169b elementor-widget elementor-widget-text-editor\" data-id=\"9e4169b\" data-element_type=\"widget\" data-e-type=\"widget\" data-widget_type=\"text-editor.default\">\n\t\t\t\t\t\t\t\t\t<p>Auk\u0161tos kokyb\u0117s energijos kaupimo ir gamybos sistemos<br \/>Pa\u017eangios technologijos ir inovatyv\u016bs sprendimai<br \/>Tarptautin\u0117 patirtis ir atsakingas po\u017ei\u016bris \u012f tvari\u0105 energetik\u0105<\/p>\t\t\t\t\t\t\t\t<\/div>\n\t\t\t\t<\/div>\n\t\t<div class=\"elementor-element elementor-element-bc189a4 e-con-full e-flex e-con e-child\" data-id=\"bc189a4\" data-element_type=\"container\" data-e-type=\"container\" data-settings=\"{&quot;background_background&quot;:&quot;classic&quot;}\">\n\t\t\t\t<div class=\"elementor-element elementor-element-196e3cb elementor-widget elementor-widget-image\" data-id=\"196e3cb\" data-element_type=\"widget\" data-e-type=\"widget\" data-widget_type=\"image.default\">\n\t\t\t\t\t\t\t\t\t\t\t\t\t\t\t<img fetchpriority=\"high\" decoding=\"async\" width=\"500\" height=\"1000\" src=\"https:\/\/britlithpower.com\/wp-content\/uploads\/2026\/01\/Untitled-design-72.png\" class=\"attachment-full size-full wp-image-1600\" alt=\"untitled design (72)\" srcset=\"https:\/\/britlithpower.com\/wp-content\/uploads\/2026\/01\/Untitled-design-72.png 500w, https:\/\/britlithpower.com\/wp-content\/uploads\/2026\/01\/Untitled-design-72-150x300.png 150w, https:\/\/britlithpower.com\/wp-content\/uploads\/2026\/01\/Untitled-design-72-6x12.png 6w\" sizes=\"(max-width: 500px) 100vw, 500px\" \/>\t\t\t\t\t\t\t\t\t\t\t\t\t\t\t<\/div>\n\t\t\t\t<\/div>\n\t\t\t\t\t<\/div>\n\t\t\t\t<\/div>\n\t\t\t\t<\/div>","protected":false},"excerpt":{"rendered":"<p>Apie mus UAB \u201eBritlith Power&#8221; \u2013 pa\u017eang\u016bs energijos gamybos ir kaupimo sprendimai UAB \u201eBritlith Power&#8221; specializuojasi moderni\u0173 baterij\u0173 ir energijos kaupimo ir gamybos sistem\u0173 projektavime bei diegime verslo ir gyvenamosios paskirties objektams. M\u016bs\u0173 sprendimai u\u017etikrina patikim\u0105, efektyv\u0173 ir tvar\u0173 elektros tiekim\u0105, leid\u017eiant klientams didinti energetin\u012f savaranki\u0161kum\u0105 ir veiklos stabilum\u0105. Tvarumas ir tarptautin\u0117 partneryst\u0117 Bendradarbiaudami su [&hellip;]<\/p>","protected":false},"author":1,"featured_media":0,"parent":0,"menu_order":0,"comment_status":"closed","ping_status":"closed","template":"","meta":{"_uag_custom_page_level_css":"","site-sidebar-layout":"default","site-content-layout":"page-builder","ast-site-content-layout":"full-width-container","site-content-style":"unboxed","site-sidebar-style":"unboxed","ast-global-header-display":"","ast-banner-title-visibility":"","ast-main-header-display":"","ast-hfb-above-header-display":"","ast-hfb-below-header-display":"","ast-hfb-mobile-header-display":"","site-post-title":"disabled","ast-breadcrumbs-content":"","ast-featured-img":"disabled","footer-sml-layout":"","ast-disable-related-posts":"","theme-transparent-header-meta":"enabled","adv-header-id-meta":"","stick-header-meta":"","header-above-stick-meta":"","header-main-stick-meta":"","header-below-stick-meta":"","astra-migrate-meta-layouts":"set","ast-page-background-enabled":"default","ast-page-background-meta":{"desktop":{"background-color":"","background-image":"","background-repeat":"repeat","background-position":"center center","background-size":"auto","background-attachment":"scroll","background-type":"","background-media":"","overlay-type":"","overlay-color":"","overlay-opacity":"","overlay-gradient":""},"tablet":{"background-color":"","background-image":"","background-repeat":"repeat","background-position":"center center","background-size":"auto","background-attachment":"scroll","background-type":"","background-media":"","overlay-type":"","overlay-color":"","overlay-opacity":"","overlay-gradient":""},"mobile":{"background-color":"","background-image":"","background-repeat":"repeat","background-position":"center center","background-size":"auto","background-attachment":"scroll","background-type":"","background-media":"","overlay-type":"","overlay-color":"","overlay-opacity":"","overlay-gradient":""}},"ast-content-background-meta":{"desktop":{"background-color":"var(--ast-global-color-4)","background-image":"","background-repeat":"repeat","background-position":"center center","background-size":"auto","background-attachment":"scroll","background-type":"","background-media":"","overlay-type":"","overlay-color":"","overlay-opacity":"","overlay-gradient":""},"tablet":{"background-color":"var(--ast-global-color-4)","background-image":"","background-repeat":"repeat","background-position":"center center","background-size":"auto","background-attachment":"scroll","background-type":"","background-media":"","overlay-type":"","overlay-color":"","overlay-opacity":"","overlay-gradient":""},"mobile":{"background-color":"var(--ast-global-color-4)","background-image":"","background-repeat":"repeat","background-position":"center center","background-size":"auto","background-attachment":"scroll","background-type":"","background-media":"","overlay-type":"","overlay-color":"","overlay-opacity":"","overlay-gradient":""}},"footnotes":""},"class_list":["post-1199","page","type-page","status-publish","hentry"],"_hostinger_reach_plugin_has_subscription_block":false,"_hostinger_reach_plugin_is_elementor":false,"uagb_featured_image_src":{"full":false,"thumbnail":false,"medium":false,"medium_large":false,"large":false,"1536x1536":false,"2048x2048":false,"trp-custom-language-flag":false},"uagb_author_info":{"display_name":"Britlithpower","author_link":"https:\/\/britlithpower.com\/lt_lt\/author\/poske-ievagmail-com\/"},"uagb_comment_info":0,"uagb_excerpt":"Apie mus UAB \u201eBritlith Power&#8221; \u2013 pa\u017eang\u016bs energijos gamybos ir kaupimo sprendimai UAB \u201eBritlith Power&#8221; specializuojasi moderni\u0173 baterij\u0173 ir energijos kaupimo ir gamybos sistem\u0173 projektavime bei diegime verslo ir gyvenamosios paskirties objektams. M\u016bs\u0173 sprendimai u\u017etikrina patikim\u0105, efektyv\u0173 ir tvar\u0173 elektros tiekim\u0105, leid\u017eiant klientams didinti energetin\u012f savaranki\u0161kum\u0105 ir veiklos stabilum\u0105. Tvarumas ir tarptautin\u0117 partneryst\u0117 Bendradarbiaudami su&hellip;","_links":{"self":[{"href":"https:\/\/britlithpower.com\/lt_lt\/wp-json\/wp\/v2\/pages\/1199","targetHints":{"allow":["GET"]}}],"collection":[{"href":"https:\/\/britlithpower.com\/lt_lt\/wp-json\/wp\/v2\/pages"}],"about":[{"href":"https:\/\/britlithpower.com\/lt_lt\/wp-json\/wp\/v2\/types\/page"}],"author":[{"embeddable":true,"href":"https:\/\/britlithpower.com\/lt_lt\/wp-json\/wp\/v2\/users\/1"}],"replies":[{"embeddable":true,"href":"https:\/\/britlithpower.com\/lt_lt\/wp-json\/wp\/v2\/comments?post=1199"}],"version-history":[{"count":74,"href":"https:\/\/britlithpower.com\/lt_lt\/wp-json\/wp\/v2\/pages\/1199\/revisions"}],"predecessor-version":[{"id":1733,"href":"https:\/\/britlithpower.com\/lt_lt\/wp-json\/wp\/v2\/pages\/1199\/revisions\/1733"}],"wp:attachment":[{"href":"https:\/\/britlithpower.com\/lt_lt\/wp-json\/wp\/v2\/media?parent=1199"}],"curies":[{"name":"wp","href":"https:\/\/api.w.org\/{rel}","templated":true}]}}