{"id":1198,"date":"2026-01-22T08:55:59","date_gmt":"2026-01-22T08:55:59","guid":{"rendered":"https:\/\/darkturquoise-chinchilla-979891.hostingersite.com\/home\/"},"modified":"2026-02-19T10:52:20","modified_gmt":"2026-02-19T10:52:20","slug":"home","status":"publish","type":"page","link":"https:\/\/britlithpower.com\/lt_lt\/","title":{"rendered":"Energijos tiek\u0117jai"},"content":{"rendered":"<div data-elementor-type=\"wp-page\" data-elementor-id=\"1198\" class=\"elementor elementor-1198\">\n\t\t\t\t<div class=\"elementor-element elementor-element-3e469b3 e-flex e-con-boxed e-con e-parent\" data-id=\"3e469b3\" data-element_type=\"container\" data-e-type=\"container\" data-settings=\"{&quot;background_background&quot;:&quot;video&quot;,&quot;background_video_link&quot;:&quot;https:\\\/\\\/britlithpower.com\\\/wp-content\\\/uploads\\\/2026\\\/02\\\/Britlith-power.mp4&quot;,&quot;background_play_on_mobile&quot;:&quot;yes&quot;,&quot;background_privacy_mode&quot;:&quot;yes&quot;}\">\n\t\t\t\t\t<div class=\"e-con-inner\">\n\t\t<div class=\"elementor-background-video-container\">\n\t\t\t\t\t\t\t<video class=\"elementor-background-video-hosted\" role=\"presentation\" autoplay muted playsinline loop><\/video>\n\t\t\t\t\t<\/div><div class=\"elementor-element elementor-element-9c2ff8c e-con-full e-flex e-con e-child\" data-id=\"9c2ff8c\" data-element_type=\"container\" data-e-type=\"container\">\n\t\t<div class=\"elementor-element elementor-element-988efc7 e-con-full e-flex e-con e-child\" data-id=\"988efc7\" data-element_type=\"container\" data-e-type=\"container\">\n\t\t<div class=\"elementor-element elementor-element-657e7ac e-con-full e-flex e-con e-child\" data-id=\"657e7ac\" data-element_type=\"container\" data-e-type=\"container\">\n\t\t\t\t<div class=\"elementor-element elementor-element-ed847aa elementor-widget__width-initial elementor-invisible elementor-widget elementor-widget-heading\" data-id=\"ed847aa\" data-element_type=\"widget\" data-e-type=\"widget\" data-settings=\"{&quot;_animation&quot;:&quot;fadeInUp&quot;}\" data-widget_type=\"heading.default\">\n\t\t\t\t\t<h1 class=\"elementor-heading-title elementor-size-default\">U\u017etikriname patikim\u0105 elektros energijos tiekim\u0105. M\u016bs\u0173 modern\u016bs ir patikimi generatoriai naudojami verslui, vie\u0161ajam sektoriui ir privatiems projektams Baltijos \u0161alyse bei Ukrainoje.<\/h1>\t\t\t\t<\/div>\n\t\t\t\t<div class=\"elementor-element elementor-element-2c78364 elementor-align-left animated-slow elementor-invisible elementor-widget elementor-widget-button\" data-id=\"2c78364\" data-element_type=\"widget\" data-e-type=\"widget\" data-settings=\"{&quot;_animation&quot;:&quot;fadeIn&quot;,&quot;_animation_delay&quot;:50}\" data-widget_type=\"button.default\">\n\t\t\t\t\t\t\t\t\t\t<a class=\"elementor-button elementor-button-link elementor-size-md\" href=\"https:\/\/darkturquoise-chinchilla-979891.hostingersite.com\/apie-mus\/\" target=\"_blank\" rel=\"noopener\">\n\t\t\t\t\t\t<span class=\"elementor-button-content-wrapper\">\n\t\t\t\t\t\t\t\t\t<span class=\"elementor-button-text\">Pla\u010diau<\/span>\n\t\t\t\t\t<\/span>\n\t\t\t\t\t<\/a>\n\t\t\t\t\t\t\t\t<\/div>\n\t\t\t\t<\/div>\n\t\t<div class=\"elementor-element elementor-element-a685eed e-con-full e-flex e-con e-child\" data-id=\"a685eed\" data-element_type=\"container\" data-e-type=\"container\" data-settings=\"{&quot;background_background&quot;:&quot;classic&quot;}\">\n\t\t\t\t<div class=\"elementor-element elementor-element-f15c64f elementor-widget-divider--view-line elementor-widget elementor-widget-divider\" data-id=\"f15c64f\" data-element_type=\"widget\" data-e-type=\"widget\" data-widget_type=\"divider.default\">\n\t\t\t\t\t\t\t<div class=\"elementor-divider\">\n\t\t\t<span class=\"elementor-divider-separator\">\n\t\t\t\t\t\t<\/span>\n\t\t<\/div>\n\t\t\t\t\t\t<\/div>\n\t\t\t\t<div class=\"elementor-element elementor-element-be9293d elementor-widget elementor-widget-heading\" data-id=\"be9293d\" data-element_type=\"widget\" data-e-type=\"widget\" data-widget_type=\"heading.default\">\n\t\t\t\t\t<h5 class=\"elementor-heading-title elementor-size-default\">Pateikti u\u017eklaus\u0105<\/h5>\t\t\t\t<\/div>\n\t\t\t\t<div class=\"elementor-element elementor-element-2d8132c elementor-widget elementor-widget-shortcode\" data-id=\"2d8132c\" data-element_type=\"widget\" data-e-type=\"widget\" data-widget_type=\"shortcode.default\">\n\t\t\t\t\t\t\t<div class=\"elementor-shortcode\"><div class=\"wpforms-container\" id=\"wpforms-1195\"><form id=\"wpforms-form-1195\" class=\"wpforms-validate wpforms-form\" data-formid=\"1195\" method=\"post\" enctype=\"multipart\/form-data\" action=\"\/lt_lt\/wp-json\/wp\/v2\/pages\/1198\" data-token=\"53f8a3a16b98a3921ab06d796689e2ed\" data-token-time=\"1778603194\" data-trp-original-action=\"\/lt_lt\/wp-json\/wp\/v2\/pages\/1198\"><noscript class=\"wpforms-error-noscript\">Please enable JavaScript in your browser to complete this form.<\/noscript><div class=\"wpforms-field-container\"><div id=\"wpforms-1195-field_0-container\" class=\"wpforms-field wpforms-field-name\" data-field-id=\"0\"><label class=\"wpforms-field-label wpforms-label-hide\" for=\"wpforms-1195-field_0\">Vardas <span class=\"wpforms-required-label\">*<\/span><\/label><input type=\"text\" id=\"wpforms-1195-field_0\" class=\"wpforms-field-large wpforms-field-required\" name=\"wpforms[fields][0]\" placeholder=\"Vardas*\" required><\/div><div id=\"wpforms-1195-field_9-container\" class=\"wpforms-field wpforms-field-text\" data-field-id=\"9\"><label class=\"wpforms-field-label wpforms-label-hide\" for=\"wpforms-1195-field_9\">Elektroninis pa\u0161tas <span class=\"wpforms-required-label\">*<\/span><\/label><input type=\"text\" id=\"wpforms-1195-field_9\" class=\"wpforms-field-large wpforms-field-required\" name=\"wpforms[fields][9]\" placeholder=\"Elektroninis pa\u0161tas*\" required><\/div><div id=\"wpforms-1195-field_13-container\" class=\"wpforms-field wpforms-field-text\" data-field-id=\"13\"><label class=\"wpforms-field-label wpforms-label-hide\" for=\"wpforms-1195-field_13\">Telefono numeris <span class=\"wpforms-required-label\">*<\/span><\/label><input type=\"text\" id=\"wpforms-1195-field_13\" class=\"wpforms-field-large wpforms-field-required\" name=\"wpforms[fields][13]\" placeholder=\"Telefono numeris*\" required><\/div><div id=\"wpforms-1195-field_11-container\" class=\"wpforms-field wpforms-field-textarea\" data-field-id=\"11\"><label class=\"wpforms-field-label wpforms-label-hide\" for=\"wpforms-1195-field_11\">Prane\u0161imas <span class=\"wpforms-required-label\">*<\/span><\/label><textarea id=\"wpforms-1195-field_11\" class=\"wpforms-field-medium wpforms-field-required\" name=\"wpforms[fields][11]\" placeholder=\"Prane\u0161imas*\" required><\/textarea><\/div><\/div><!-- .wpforms-field-container --><div class=\"wpforms-field wpforms-field-hp\"><label for=\"wpforms-1195-field-hp\" class=\"wpforms-field-label\">Email<\/label><input type=\"text\" name=\"wpforms[hp]\" id=\"wpforms-1195-field-hp\" class=\"wpforms-field-medium\"><\/div><div class=\"wpforms-submit-container\" ><input type=\"hidden\" name=\"wpforms[id]\" value=\"1195\"><input type=\"hidden\" name=\"page_title\" value=\"\"><input type=\"hidden\" name=\"page_url\" value=\"https:\/\/britlithpower.com\/lt_lt\/wp-json\/wp\/v2\/pages\/1198\"><input type=\"hidden\" name=\"url_referer\" value=\"\"><button type=\"submit\" name=\"wpforms[submit]\" id=\"wpforms-submit-1195\" class=\"wpforms-submit\" data-alt-text=\"Siun\u010diama...\" data-submit-text=\"Si\u0173sti \u017einut\u0119\" aria-live=\"assertive\" value=\"wpforms-submit\">Si\u0173sti \u017einut\u0119<\/button><\/div><input type=\"hidden\" name=\"trp-form-language\" value=\"lt_lt\"\/><\/form><\/div>  <!-- .wpforms-container --><\/div>\n\t\t\t\t\t\t<\/div>\n\t\t\t\t<\/div>\n\t\t\t\t<\/div>\n\t\t\t\t<\/div>\n\t\t\t\t\t<\/div>\n\t\t\t\t<\/div>\n\t\t<div class=\"elementor-element elementor-element-6b90b55 e-flex e-con-boxed e-con e-parent\" data-id=\"6b90b55\" data-element_type=\"container\" data-e-type=\"container\" data-settings=\"{&quot;background_background&quot;:&quot;classic&quot;}\">\n\t\t\t\t\t<div class=\"e-con-inner\">\n\t\t<div class=\"elementor-element elementor-element-3853d39 e-con-full e-flex e-con e-child\" data-id=\"3853d39\" data-element_type=\"container\" data-e-type=\"container\" data-settings=\"{&quot;background_background&quot;:&quot;classic&quot;}\">\n\t\t\t\t<div class=\"elementor-element elementor-element-b2faf03 elementor-widget elementor-widget-heading\" data-id=\"b2faf03\" data-element_type=\"widget\" data-e-type=\"widget\" data-widget_type=\"heading.default\">\n\t\t\t\t\t<h4 class=\"elementor-heading-title elementor-size-default\"><div data-id=\"661fe6b\" data-element_type=\"widget\" data-widget_type=\"heading.default\" style=\"align-self: auto;flex: 0 1 auto;align-items: normal;flex-flow: row;gap: 20px;--widgets-spacing: 20px 20px;--widgets-spacing-row: 20px;--widgets-spacing-column: 20px;--kit-widget-spacing: 0px;margin: 0px;padding: 0px;max-width: 100%;font-size: 17px;font-weight: 400\"><h2 style=\"font-size: 2.47059rem\">Britlith Power<span style=\"font-size: 1.47059rem;font-style: inherit\"><\/span><\/h2><\/div><\/h4>\t\t\t\t<\/div>\n\t\t\t\t<div class=\"elementor-element elementor-element-6e4bc49 elementor-widget elementor-widget-text-editor\" data-id=\"6e4bc49\" data-element_type=\"widget\" data-e-type=\"widget\" data-widget_type=\"text-editor.default\">\n\t\t\t\t\t\t\t\t\t<p>Dirbame kaip patikimi energijos tiek\u0117jai, si\u016blydami didel\u012f elektros generatori\u0173 pasirinkim\u0105 ir lankst\u0173 galingumo diapazon\u0105. Aptarnaujame klientus \u012fvairiuose sektoriuose Lietuvoje, Baltijos valstyb\u0117se ir Ukrainoje, u\u017etikrindami nepertraukiam\u0105 energijos sraut\u0105.<\/p><p>Stengiam\u0117s sukurti efektyv\u0173 energijos tiekim\u0105, kad klientai gal\u0117t\u0173 sutelkti d\u0117mes\u012f \u012f savo veikl\u0105, net kai pagrindinis elektros \u0161altinis stringa.<\/p>\t\t\t\t\t\t\t\t<\/div>\n\t\t<div class=\"elementor-element elementor-element-77a12d1 e-con-full e-flex elementor-invisible e-con e-child\" data-id=\"77a12d1\" data-element_type=\"container\" data-e-type=\"container\" data-settings=\"{&quot;background_background&quot;:&quot;classic&quot;,&quot;animation&quot;:&quot;fadeInDown&quot;}\">\n\t\t\t\t<div class=\"elementor-element elementor-element-067ea5d elementor-widget elementor-widget-heading\" data-id=\"067ea5d\" data-element_type=\"widget\" data-e-type=\"widget\" data-widget_type=\"heading.default\">\n\t\t\t\t\t<h5 class=\"elementor-heading-title elementor-size-default\">Susisiekite:<\/h5>\t\t\t\t<\/div>\n\t\t\t\t<div class=\"elementor-element elementor-element-851739e elementor-widget elementor-widget-heading\" data-id=\"851739e\" data-element_type=\"widget\" data-e-type=\"widget\" data-widget_type=\"heading.default\">\n\t\t\t\t\t<h3 class=\"elementor-heading-title elementor-size-default\">+370 671 70669<\/h3>\t\t\t\t<\/div>\n\t\t\t\t<\/div>\n\t\t\t\t<\/div>\n\t\t<div class=\"elementor-element elementor-element-2fc9cbe e-con-full e-flex e-con e-child\" data-id=\"2fc9cbe\" data-element_type=\"container\" data-e-type=\"container\">\n\t\t\t\t<div class=\"elementor-element elementor-element-324d12e elementor-widget elementor-widget-image\" data-id=\"324d12e\" data-element_type=\"widget\" data-e-type=\"widget\" data-widget_type=\"image.default\">\n\t\t\t\t\t\t\t\t\t\t\t\t\t\t\t<img fetchpriority=\"high\" decoding=\"async\" width=\"500\" height=\"1000\" src=\"https:\/\/britlithpower.com\/wp-content\/uploads\/2026\/01\/Untitled-design-62.png\" class=\"attachment-large size-large wp-image-1248\" alt=\"untitled design (62)\" srcset=\"https:\/\/britlithpower.com\/wp-content\/uploads\/2026\/01\/Untitled-design-62.png 500w, https:\/\/britlithpower.com\/wp-content\/uploads\/2026\/01\/Untitled-design-62-150x300.png 150w, https:\/\/britlithpower.com\/wp-content\/uploads\/2026\/01\/Untitled-design-62-6x12.png 6w\" sizes=\"(max-width: 500px) 100vw, 500px\" \/>\t\t\t\t\t\t\t\t\t\t\t\t\t\t\t<\/div>\n\t\t\t\t<\/div>\n\t\t\t\t\t<\/div>\n\t\t\t\t<\/div>\n\t\t\t\t<\/div>","protected":false},"excerpt":{"rendered":"<p>U\u017etikriname patikim\u0105 elektros energijos tiekim\u0105. M\u016bs\u0173 modern\u016bs ir patikimi generatoriai naudojami verslui, vie\u0161ajam sektoriui ir privatiems projektams Baltijos \u0161alyse bei Ukrainoje. Pla\u010diau Pateikti u\u017eklaus\u0105 Britlith Power Dirbame kaip patikimi energijos tiek\u0117jai, si\u016blydami didel\u012f elektros generatori\u0173 pasirinkim\u0105 ir lankst\u0173 galingumo diapazon\u0105. Aptarnaujame klientus \u012fvairiuose sektoriuose Lietuvoje, Baltijos valstyb\u0117se ir Ukrainoje, u\u017etikrindami nepertraukiam\u0105 energijos sraut\u0105. Stengiam\u0117s sukurti [&hellip;]<\/p>","protected":false},"author":1,"featured_media":0,"parent":0,"menu_order":0,"comment_status":"closed","ping_status":"closed","template":"","meta":{"_uag_custom_page_level_css":"","site-sidebar-layout":"default","site-content-layout":"page-builder","ast-site-content-layout":"full-width-container","site-content-style":"unboxed","site-sidebar-style":"unboxed","ast-global-header-display":"","ast-banner-title-visibility":"","ast-main-header-display":"","ast-hfb-above-header-display":"","ast-hfb-below-header-display":"","ast-hfb-mobile-header-display":"","site-post-title":"disabled","ast-breadcrumbs-content":"","ast-featured-img":"disabled","footer-sml-layout":"","ast-disable-related-posts":"","theme-transparent-header-meta":"enabled","adv-header-id-meta":"","stick-header-meta":"","header-above-stick-meta":"","header-main-stick-meta":"","header-below-stick-meta":"","astra-migrate-meta-layouts":"set","ast-page-background-enabled":"default","ast-page-background-meta":{"desktop":{"background-color":"","background-image":"","background-repeat":"repeat","background-position":"center center","background-size":"auto","background-attachment":"scroll","background-type":"","background-media":"","overlay-type":"","overlay-color":"","overlay-opacity":"","overlay-gradient":""},"tablet":{"background-color":"","background-image":"","background-repeat":"repeat","background-position":"center center","background-size":"auto","background-attachment":"scroll","background-type":"","background-media":"","overlay-type":"","overlay-color":"","overlay-opacity":"","overlay-gradient":""},"mobile":{"background-color":"","background-image":"","background-repeat":"repeat","background-position":"center center","background-size":"auto","background-attachment":"scroll","background-type":"","background-media":"","overlay-type":"","overlay-color":"","overlay-opacity":"","overlay-gradient":""}},"ast-content-background-meta":{"desktop":{"background-color":"var(--ast-global-color-4)","background-image":"","background-repeat":"repeat","background-position":"center center","background-size":"auto","background-attachment":"scroll","background-type":"","background-media":"","overlay-type":"","overlay-color":"","overlay-opacity":"","overlay-gradient":""},"tablet":{"background-color":"var(--ast-global-color-4)","background-image":"","background-repeat":"repeat","background-position":"center center","background-size":"auto","background-attachment":"scroll","background-type":"","background-media":"","overlay-type":"","overlay-color":"","overlay-opacity":"","overlay-gradient":""},"mobile":{"background-color":"var(--ast-global-color-4)","background-image":"","background-repeat":"repeat","background-position":"center center","background-size":"auto","background-attachment":"scroll","background-type":"","background-media":"","overlay-type":"","overlay-color":"","overlay-opacity":"","overlay-gradient":""}},"footnotes":""},"class_list":["post-1198","page","type-page","status-publish","hentry"],"_hostinger_reach_plugin_has_subscription_block":false,"_hostinger_reach_plugin_is_elementor":false,"uagb_featured_image_src":{"full":false,"thumbnail":false,"medium":false,"medium_large":false,"large":false,"1536x1536":false,"2048x2048":false,"trp-custom-language-flag":false},"uagb_author_info":{"display_name":"Britlithpower","author_link":"https:\/\/britlithpower.com\/lt_lt\/author\/poske-ievagmail-com\/"},"uagb_comment_info":0,"uagb_excerpt":"U\u017etikriname patikim\u0105 elektros energijos tiekim\u0105. M\u016bs\u0173 modern\u016bs ir patikimi generatoriai naudojami verslui, vie\u0161ajam sektoriui ir privatiems projektams Baltijos \u0161alyse bei Ukrainoje. Pla\u010diau Pateikti u\u017eklaus\u0105 Britlith Power Dirbame kaip patikimi energijos tiek\u0117jai, si\u016blydami didel\u012f elektros generatori\u0173 pasirinkim\u0105 ir lankst\u0173 galingumo diapazon\u0105. Aptarnaujame klientus \u012fvairiuose sektoriuose Lietuvoje, Baltijos valstyb\u0117se ir Ukrainoje, u\u017etikrindami nepertraukiam\u0105 energijos sraut\u0105. Stengiam\u0117s sukurti&hellip;","_links":{"self":[{"href":"https:\/\/britlithpower.com\/lt_lt\/wp-json\/wp\/v2\/pages\/1198","targetHints":{"allow":["GET"]}}],"collection":[{"href":"https:\/\/britlithpower.com\/lt_lt\/wp-json\/wp\/v2\/pages"}],"about":[{"href":"https:\/\/britlithpower.com\/lt_lt\/wp-json\/wp\/v2\/types\/page"}],"author":[{"embeddable":true,"href":"https:\/\/britlithpower.com\/lt_lt\/wp-json\/wp\/v2\/users\/1"}],"replies":[{"embeddable":true,"href":"https:\/\/britlithpower.com\/lt_lt\/wp-json\/wp\/v2\/comments?post=1198"}],"version-history":[{"count":161,"href":"https:\/\/britlithpower.com\/lt_lt\/wp-json\/wp\/v2\/pages\/1198\/revisions"}],"predecessor-version":[{"id":1772,"href":"https:\/\/britlithpower.com\/lt_lt\/wp-json\/wp\/v2\/pages\/1198\/revisions\/1772"}],"wp:attachment":[{"href":"https:\/\/britlithpower.com\/lt_lt\/wp-json\/wp\/v2\/media?parent=1198"}],"curies":[{"name":"wp","href":"https:\/\/api.w.org\/{rel}","templated":true}]}}